{"id":283,"date":"2019-12-12T11:58:42","date_gmt":"2019-12-12T09:58:42","guid":{"rendered":"https:\/\/mbakery-multi.tuhti.work\/leipomo\/?page_id=283"},"modified":"2026-01-19T09:07:38","modified_gmt":"2026-01-19T07:07:38","slug":"mbakery-haakakut-ja-raataloidyt-kakut","status":"publish","type":"page","link":"https:\/\/www.mbakery.fi\/leipomo\/tuotteet\/mbakery-haakakut-ja-raataloidyt-kakut\/","title":{"rendered":"H\u00e4\u00e4kakut ja r\u00e4\u00e4t\u00e4l\u00f6idyt kakut"},"content":{"rendered":"","protected":false},"excerpt":{"rendered":"","protected":false},"author":1,"featured_media":0,"parent":83,"menu_order":0,"comment_status":"closed","ping_status":"closed","template":"","meta":{"_acf_changed":false,"footnotes":""},"acf":[],"yoast_head":"<!-- This site is optimized with the Yoast SEO plugin v24.5 - https:\/\/yoast.com\/wordpress\/plugins\/seo\/ -->\n<title>H\u00e4\u00e4kakut ja r\u00e4\u00e4t\u00e4l\u00f6idyt kakut - MBakery - Leipomo<\/title>\n<meta name=\"robots\" content=\"index, follow, max-snippet:-1, max-image-preview:large, max-video-preview:-1\" \/>\n<link rel=\"canonical\" href=\"https:\/\/www.mbakery.fi\/leipomo\/tuotteet\/mbakery-haakakut-ja-raataloidyt-kakut\/\" \/>\n<meta property=\"og:locale\" content=\"fi_FI\" \/>\n<meta property=\"og:type\" content=\"article\" \/>\n<meta property=\"og:title\" content=\"H\u00e4\u00e4kakut ja r\u00e4\u00e4t\u00e4l\u00f6idyt kakut - MBakery - Leipomo\" \/>\n<meta property=\"og:url\" content=\"https:\/\/www.mbakery.fi\/leipomo\/tuotteet\/mbakery-haakakut-ja-raataloidyt-kakut\/\" \/>\n<meta property=\"og:site_name\" content=\"MBakery - Leipomo\" \/>\n<meta property=\"article:modified_time\" content=\"2026-01-19T07:07:38+00:00\" \/>\n<meta name=\"twitter:card\" content=\"summary_large_image\" \/>\n<meta name=\"twitter:label1\" content=\"Arvioitu lukuaika\" \/>\n\t<meta name=\"twitter:data1\" content=\"1 minuutti\" \/>\n<script type=\"application\/ld+json\" class=\"yoast-schema-graph\">{\"@context\":\"https:\/\/schema.org\",\"@graph\":[{\"@type\":\"WebPage\",\"@id\":\"https:\/\/www.mbakery.fi\/leipomo\/tuotteet\/mbakery-haakakut-ja-raataloidyt-kakut\/\",\"url\":\"https:\/\/www.mbakery.fi\/leipomo\/tuotteet\/mbakery-haakakut-ja-raataloidyt-kakut\/\",\"name\":\"H\u00e4\u00e4kakut ja r\u00e4\u00e4t\u00e4l\u00f6idyt kakut - MBakery - Leipomo\",\"isPartOf\":{\"@id\":\"https:\/\/www.mbakery.fi\/leipomo\/#website\"},\"datePublished\":\"2019-12-12T09:58:42+00:00\",\"dateModified\":\"2026-01-19T07:07:38+00:00\",\"breadcrumb\":{\"@id\":\"https:\/\/www.mbakery.fi\/leipomo\/tuotteet\/mbakery-haakakut-ja-raataloidyt-kakut\/#breadcrumb\"},\"inLanguage\":\"fi\",\"potentialAction\":[{\"@type\":\"ReadAction\",\"target\":[\"https:\/\/www.mbakery.fi\/leipomo\/tuotteet\/mbakery-haakakut-ja-raataloidyt-kakut\/\"]}]},{\"@type\":\"BreadcrumbList\",\"@id\":\"https:\/\/www.mbakery.fi\/leipomo\/tuotteet\/mbakery-haakakut-ja-raataloidyt-kakut\/#breadcrumb\",\"itemListElement\":[{\"@type\":\"ListItem\",\"position\":1,\"name\":\"Home\",\"item\":\"https:\/\/www.mbakery.fi\/leipomo\/\"},{\"@type\":\"ListItem\",\"position\":2,\"name\":\"Tuotteet\",\"item\":\"https:\/\/www.mbakery.fi\/leipomo\/tuotteet\/\"},{\"@type\":\"ListItem\",\"position\":3,\"name\":\"H\u00e4\u00e4kakut ja r\u00e4\u00e4t\u00e4l\u00f6idyt kakut\"}]},{\"@type\":\"WebSite\",\"@id\":\"https:\/\/www.mbakery.fi\/leipomo\/#website\",\"url\":\"https:\/\/www.mbakery.fi\/leipomo\/\",\"name\":\"MBakery - Leipomo\",\"description\":\"\",\"potentialAction\":[{\"@type\":\"SearchAction\",\"target\":{\"@type\":\"EntryPoint\",\"urlTemplate\":\"https:\/\/www.mbakery.fi\/leipomo\/?s={search_term_string}\"},\"query-input\":{\"@type\":\"PropertyValueSpecification\",\"valueRequired\":true,\"valueName\":\"search_term_string\"}}],\"inLanguage\":\"fi\"}]}<\/script>\n<!-- \/ Yoast SEO plugin. -->","yoast_head_json":{"title":"H\u00e4\u00e4kakut ja r\u00e4\u00e4t\u00e4l\u00f6idyt kakut - MBakery - Leipomo","robots":{"index":"index","follow":"follow","max-snippet":"max-snippet:-1","max-image-preview":"max-image-preview:large","max-video-preview":"max-video-preview:-1"},"canonical":"https:\/\/www.mbakery.fi\/leipomo\/tuotteet\/mbakery-haakakut-ja-raataloidyt-kakut\/","og_locale":"fi_FI","og_type":"article","og_title":"H\u00e4\u00e4kakut ja r\u00e4\u00e4t\u00e4l\u00f6idyt kakut - MBakery - Leipomo","og_url":"https:\/\/www.mbakery.fi\/leipomo\/tuotteet\/mbakery-haakakut-ja-raataloidyt-kakut\/","og_site_name":"MBakery - Leipomo","article_modified_time":"2026-01-19T07:07:38+00:00","twitter_card":"summary_large_image","twitter_misc":{"Arvioitu lukuaika":"1 minuutti"},"schema":{"@context":"https:\/\/schema.org","@graph":[{"@type":"WebPage","@id":"https:\/\/www.mbakery.fi\/leipomo\/tuotteet\/mbakery-haakakut-ja-raataloidyt-kakut\/","url":"https:\/\/www.mbakery.fi\/leipomo\/tuotteet\/mbakery-haakakut-ja-raataloidyt-kakut\/","name":"H\u00e4\u00e4kakut ja r\u00e4\u00e4t\u00e4l\u00f6idyt kakut - MBakery - Leipomo","isPartOf":{"@id":"https:\/\/www.mbakery.fi\/leipomo\/#website"},"datePublished":"2019-12-12T09:58:42+00:00","dateModified":"2026-01-19T07:07:38+00:00","breadcrumb":{"@id":"https:\/\/www.mbakery.fi\/leipomo\/tuotteet\/mbakery-haakakut-ja-raataloidyt-kakut\/#breadcrumb"},"inLanguage":"fi","potentialAction":[{"@type":"ReadAction","target":["https:\/\/www.mbakery.fi\/leipomo\/tuotteet\/mbakery-haakakut-ja-raataloidyt-kakut\/"]}]},{"@type":"BreadcrumbList","@id":"https:\/\/www.mbakery.fi\/leipomo\/tuotteet\/mbakery-haakakut-ja-raataloidyt-kakut\/#breadcrumb","itemListElement":[{"@type":"ListItem","position":1,"name":"Home","item":"https:\/\/www.mbakery.fi\/leipomo\/"},{"@type":"ListItem","position":2,"name":"Tuotteet","item":"https:\/\/www.mbakery.fi\/leipomo\/tuotteet\/"},{"@type":"ListItem","position":3,"name":"H\u00e4\u00e4kakut ja r\u00e4\u00e4t\u00e4l\u00f6idyt kakut"}]},{"@type":"WebSite","@id":"https:\/\/www.mbakery.fi\/leipomo\/#website","url":"https:\/\/www.mbakery.fi\/leipomo\/","name":"MBakery - Leipomo","description":"","potentialAction":[{"@type":"SearchAction","target":{"@type":"EntryPoint","urlTemplate":"https:\/\/www.mbakery.fi\/leipomo\/?s={search_term_string}"},"query-input":{"@type":"PropertyValueSpecification","valueRequired":true,"valueName":"search_term_string"}}],"inLanguage":"fi"}]}},"_links":{"self":[{"href":"https:\/\/www.mbakery.fi\/leipomo\/wp-json\/wp\/v2\/pages\/283"}],"collection":[{"href":"https:\/\/www.mbakery.fi\/leipomo\/wp-json\/wp\/v2\/pages"}],"about":[{"href":"https:\/\/www.mbakery.fi\/leipomo\/wp-json\/wp\/v2\/types\/page"}],"author":[{"embeddable":true,"href":"https:\/\/www.mbakery.fi\/leipomo\/wp-json\/wp\/v2\/users\/1"}],"replies":[{"embeddable":true,"href":"https:\/\/www.mbakery.fi\/leipomo\/wp-json\/wp\/v2\/comments?post=283"}],"version-history":[{"count":6,"href":"https:\/\/www.mbakery.fi\/leipomo\/wp-json\/wp\/v2\/pages\/283\/revisions"}],"predecessor-version":[{"id":2663,"href":"https:\/\/www.mbakery.fi\/leipomo\/wp-json\/wp\/v2\/pages\/283\/revisions\/2663"}],"up":[{"embeddable":true,"href":"https:\/\/www.mbakery.fi\/leipomo\/wp-json\/wp\/v2\/pages\/83"}],"wp:attachment":[{"href":"https:\/\/www.mbakery.fi\/leipomo\/wp-json\/wp\/v2\/media?parent=283"}],"curies":[{"name":"wp","href":"https:\/\/api.w.org\/{rel}","templated":true}]}}